{"id":242408,"date":"2023-10-06T10:25:38","date_gmt":"2023-10-06T13:25:38","guid":{"rendered":"https:\/\/rein.koalaweb.cl\/?page_id=242408"},"modified":"2025-07-11T10:09:23","modified_gmt":"2025-07-11T14:09:23","slug":"contacto","status":"publish","type":"page","link":"https:\/\/www.reinchile.cl\/?page_id=242408","title":{"rendered":"Contacto"},"content":{"rendered":"<p>[et_pb_section fb_built=\u00bb1&#8243; _builder_version=\u00bb4.25.1&#8243; _module_preset=\u00bbdefault\u00bb background_color=\u00bbRGBA(255,255,255,0)\u00bb custom_margin=\u00bb||-60px|||\u00bb global_colors_info=\u00bb{}\u00bb][et_pb_row column_structure=\u00bb1_2,1_2&#8243; _builder_version=\u00bb4.25.1&#8243; _module_preset=\u00bbdefault\u00bb background_color=\u00bbRGBA(255,255,255,0)\u00bb global_colors_info=\u00bb{}\u00bb][et_pb_column type=\u00bb1_2&#8243; admin_label=\u00bbColumna\u00bb _builder_version=\u00bb4.25.1&#8243; _module_preset=\u00bbdefault\u00bb global_colors_info=\u00bb{}\u00bb][et_pb_heading title=\u00bbRED DE EMPRESAS INCLUSIVAS\u00bb _builder_version=\u00bb4.25.1&#8243; _module_preset=\u00bbdefault\u00bb title_level=\u00bbh3&#8243; title_text_color=\u00bb#e4512b\u00bb custom_margin=\u00bb|||87px||\u00bb animation_style=\u00bbslide\u00bb animation_direction=\u00bbright\u00bb animation_duration=\u00bb2000ms\u00bb animation_intensity_slide=\u00bb9%\u00bb global_colors_info=\u00bb{}\u00bb][\/et_pb_heading][et_pb_heading title=\u00bbSuma tu empresa a la ReIN\u00bb _builder_version=\u00bb4.25.1&#8243; _module_preset=\u00bbdefault\u00bb width=\u00bb97.1%\u00bb custom_margin=\u00bb|15px||86px||\u00bb custom_padding=\u00bb|217px||||\u00bb animation_style=\u00bbslide\u00bb animation_direction=\u00bbright\u00bb animation_duration=\u00bb2000ms\u00bb animation_intensity_slide=\u00bb9%\u00bb global_colors_info=\u00bb{}\u00bb][\/et_pb_heading][et_pb_text _builder_version=\u00bb4.25.1&#8243; _module_preset=\u00bbdefault\u00bb custom_margin=\u00bb|||84px||\u00bb custom_padding=\u00bb|36px||||\u00bb animation_style=\u00bbslide\u00bb animation_direction=\u00bbright\u00bb animation_duration=\u00bb2000ms\u00bb animation_intensity_slide=\u00bb9%\u00bb global_colors_info=\u00bb{}\u00bb]<\/p>\n<p style=\"text-align: justify;\"><span data-usefontface=\"true\" data-contrast=\"none\" class=\"TextRun  BCX0 SCXP206228942\" xml:lang=\"ES-ES\" lang=\"ES-ES\"><span class=\"NormalTextRun  BCX0 SCXP206228942\">Somos una comunidad de equipos y personas que busca conectar a quienes <\/span><\/span><span data-usefontface=\"true\" data-contrast=\"none\" class=\"TextRun  BCX0 SCXP206228942\" xml:lang=\"ES-ES\" lang=\"ES-ES\"><span class=\"NormalTextRun  BCX0 SCXP206228942\">conectan e \u201cincluir a quienes incluyen\u201d, para que siempre est\u00e9s en <\/span><\/span><span data-usefontface=\"true\" data-contrast=\"none\" class=\"TextRun  BCX0 SCXP206228942\" xml:lang=\"ES-ES\" lang=\"ES-ES\"><span class=\"NormalTextRun  BCX0 SCXP206228942\">permanente contacto y recibiendo el apoyo necesario para hacer de <\/span><\/span><span data-usefontface=\"true\" data-contrast=\"none\" class=\"TextRun  BCX0 SCXP206228942\" xml:lang=\"ES-ES\" lang=\"ES-ES\"><span class=\"NormalTextRun  BCX0 SCXP206228942\">tu empresa un lugar seguro cada d\u00eda.<\/span><\/span><\/p>\n<p>[\/et_pb_text][et_pb_text module_class=\u00bbdivicon_img\u00bb _builder_version=\u00bb4.25.1&#8243; _module_preset=\u00bbdefault\u00bb width=\u00bb67.8%\u00bb custom_margin=\u00bb|-42px||102px||\u00bb custom_padding=\u00bb|0px||||\u00bb animation_style=\u00bbslide\u00bb animation_direction=\u00bbright\u00bb animation_duration=\u00bb2000ms\u00bb animation_intensity_slide=\u00bb9%\u00bb custom_css_free_form=\u00bb\/*bullet divicon_img *\/||.divicon_img li:before{||content:url(&#8216;https:\/\/www.reinchile.cl\/wp-content\/uploads\/2024\/03\/checked_new.png&#8217;);||position:absolute!important;||left:-20px!important;||}||.divicon_img li{||    list-style:none!important;||||}\u00bb global_colors_info=\u00bb{}\u00bb]<\/p>\n<ul>\n<li>Completa el formulario y agenda una reuni\u00f3n con nosotros.<\/li>\n<\/ul>\n<ul>\n<li>Inf\u00f3rmate de nuestras actividades.<\/li>\n<\/ul>\n<ul>\n<li>Conversemos sobre los beneficios de formar parte de la ReIN<\/li>\n<\/ul>\n<p>[\/et_pb_text][\/et_pb_column][et_pb_column type=\u00bb1_2&#8243; admin_label=\u00bbColumna\u00bb _builder_version=\u00bb4.25.1&#8243; _module_preset=\u00bbdefault\u00bb background_color=\u00bbrgba(145,53,112,0.15)\u00bb border_radii=\u00bbon|10px|10px|10px|10px\u00bb border_width_all=\u00bb41px\u00bb border_color_all=\u00bbRGBA(255,255,255,0)\u00bb global_colors_info=\u00bb{}\u00bb][et_pb_contact_form email=\u00bbrein@sofofa.cl\u00bb title=\u00bbCont\u00e1ctanos\u00bb custom_message=\u00bbNombre: %%Name%%||et_pb_line_break_holder||Email: %%Email%%||et_pb_line_break_holder||Mensaje: %%Message%%\u00bb _builder_version=\u00bb4.27.4&#8243; _module_preset=\u00bbdefault\u00bb _unique_id=\u00bb9d756f60-87f1-4334-bff4-19c2d659bf6a\u00bb custom_button=\u00bbon\u00bb button_text_size=\u00bb15px\u00bb button_text_color=\u00bb#FFFFFF\u00bb button_bg_color=\u00bb#913570&#8243; button_font=\u00bbPoppins||||||||\u00bb button_use_icon=\u00bboff\u00bb custom_padding=\u00bb|0px||||\u00bb hover_enabled=\u00bb0&#8243; global_colors_info=\u00bb{}\u00bb sticky_enabled=\u00bb0&#8243;][et_pb_contact_field field_id=\u00bbName\u00bb field_title=\u00bbNombre y Apellido\u00bb _builder_version=\u00bb4.25.1&#8243; global_colors_info=\u00bb{}\u00bb button_text_size__hover_enabled=\u00bboff\u00bb button_one_text_size__hover_enabled=\u00bboff\u00bb button_two_text_size__hover_enabled=\u00bboff\u00bb button_text_color__hover_enabled=\u00bboff\u00bb button_one_text_color__hover_enabled=\u00bboff\u00bb button_two_text_color__hover_enabled=\u00bboff\u00bb button_border_width__hover_enabled=\u00bboff\u00bb button_one_border_width__hover_enabled=\u00bboff\u00bb button_two_border_width__hover_enabled=\u00bboff\u00bb button_border_color__hover_enabled=\u00bboff\u00bb button_one_border_color__hover_enabled=\u00bboff\u00bb button_two_border_color__hover_enabled=\u00bboff\u00bb button_border_radius__hover_enabled=\u00bboff\u00bb button_one_border_radius__hover_enabled=\u00bboff\u00bb button_two_border_radius__hover_enabled=\u00bboff\u00bb button_letter_spacing__hover_enabled=\u00bboff\u00bb button_one_letter_spacing__hover_enabled=\u00bboff\u00bb button_two_letter_spacing__hover_enabled=\u00bboff\u00bb button_bg_color__hover_enabled=\u00bboff\u00bb button_one_bg_color__hover_enabled=\u00bboff\u00bb button_two_bg_color__hover_enabled=\u00bboff\u00bb][\/et_pb_contact_field][et_pb_contact_field field_id=\u00bbEmail\u00bb field_title=\u00bbCorreo electr\u00f3nico\u00bb field_type=\u00bbemail\u00bb _builder_version=\u00bb4.25.1&#8243; global_colors_info=\u00bb{}\u00bb button_text_size__hover_enabled=\u00bboff\u00bb button_one_text_size__hover_enabled=\u00bboff\u00bb button_two_text_size__hover_enabled=\u00bboff\u00bb button_text_color__hover_enabled=\u00bboff\u00bb button_one_text_color__hover_enabled=\u00bboff\u00bb button_two_text_color__hover_enabled=\u00bboff\u00bb button_border_width__hover_enabled=\u00bboff\u00bb button_one_border_width__hover_enabled=\u00bboff\u00bb button_two_border_width__hover_enabled=\u00bboff\u00bb button_border_color__hover_enabled=\u00bboff\u00bb button_one_border_color__hover_enabled=\u00bboff\u00bb button_two_border_color__hover_enabled=\u00bboff\u00bb button_border_radius__hover_enabled=\u00bboff\u00bb button_one_border_radius__hover_enabled=\u00bboff\u00bb button_two_border_radius__hover_enabled=\u00bboff\u00bb button_letter_spacing__hover_enabled=\u00bboff\u00bb button_one_letter_spacing__hover_enabled=\u00bboff\u00bb button_two_letter_spacing__hover_enabled=\u00bboff\u00bb button_bg_color__hover_enabled=\u00bboff\u00bb button_one_bg_color__hover_enabled=\u00bboff\u00bb button_two_bg_color__hover_enabled=\u00bboff\u00bb][\/et_pb_contact_field][et_pb_contact_field field_id=\u00bbMessage\u00bb field_title=\u00bbMensaje\u00bb field_type=\u00bbtext\u00bb fullwidth_field=\u00bbon\u00bb _builder_version=\u00bb4.16&#8243; global_colors_info=\u00bb{}\u00bb button_text_size__hover_enabled=\u00bboff\u00bb button_one_text_size__hover_enabled=\u00bboff\u00bb button_two_text_size__hover_enabled=\u00bboff\u00bb button_text_color__hover_enabled=\u00bboff\u00bb button_one_text_color__hover_enabled=\u00bboff\u00bb button_two_text_color__hover_enabled=\u00bboff\u00bb button_border_width__hover_enabled=\u00bboff\u00bb button_one_border_width__hover_enabled=\u00bboff\u00bb button_two_border_width__hover_enabled=\u00bboff\u00bb button_border_color__hover_enabled=\u00bboff\u00bb button_one_border_color__hover_enabled=\u00bboff\u00bb button_two_border_color__hover_enabled=\u00bboff\u00bb button_border_radius__hover_enabled=\u00bboff\u00bb button_one_border_radius__hover_enabled=\u00bboff\u00bb button_two_border_radius__hover_enabled=\u00bboff\u00bb button_letter_spacing__hover_enabled=\u00bboff\u00bb button_one_letter_spacing__hover_enabled=\u00bboff\u00bb button_two_letter_spacing__hover_enabled=\u00bboff\u00bb button_bg_color__hover_enabled=\u00bboff\u00bb button_one_bg_color__hover_enabled=\u00bboff\u00bb button_two_bg_color__hover_enabled=\u00bboff\u00bb][\/et_pb_contact_field][\/et_pb_contact_form][\/et_pb_column][\/et_pb_row][\/et_pb_section][et_pb_section fb_built=\u00bb1&#8243; _builder_version=\u00bb4.25.1&#8243; _module_preset=\u00bbdefault\u00bb background_color=\u00bb#fff7f7&#8243; global_colors_info=\u00bb{}\u00bb][et_pb_row _builder_version=\u00bb4.25.1&#8243; _module_preset=\u00bbdefault\u00bb module_alignment=\u00bbcenter\u00bb global_colors_info=\u00bb{}\u00bb][et_pb_column type=\u00bb4_4&#8243; _builder_version=\u00bb4.25.1&#8243; _module_preset=\u00bbdefault\u00bb global_colors_info=\u00bb{}\u00bb][et_pb_text _builder_version=\u00bb4.25.1&#8243; _module_preset=\u00bbdefault\u00bb global_colors_info=\u00bb{}\u00bb]<\/p>\n<p style=\"text-align: center;\"><span style=\"font-size: large;\"><span style=\"color: #e4512b;\">+100 empresas son parte de la red de inclusi\u00f3n empresarial m\u00e1s grande de Chile<\/span>, mejorando sus tasas de contrataciones, sus procesos de reclutamiento y selecci\u00f3n, sus pol\u00edticas de DEI y su cultura organizacional.<\/span><\/p>\n<p>[\/et_pb_text][\/et_pb_column][\/et_pb_row][\/et_pb_section][et_pb_section fb_built=\u00bb1&#8243; _builder_version=\u00bb4.25.1&#8243; _module_preset=\u00bbdefault\u00bb background_color=\u00bb#ebebeb\u00bb global_colors_info=\u00bb{}\u00bb][et_pb_row column_structure=\u00bb1_2,1_2&#8243; _builder_version=\u00bb4.25.1&#8243; _module_preset=\u00bbdefault\u00bb global_colors_info=\u00bb{}\u00bb][et_pb_column type=\u00bb1_2&#8243; _builder_version=\u00bb4.25.1&#8243; _module_preset=\u00bbdefault\u00bb global_colors_info=\u00bb{}\u00bb][et_pb_heading title=\u00bbGracias a ReIN obtienes\u00bb _builder_version=\u00bb4.25.1&#8243; _module_preset=\u00bbdefault\u00bb custom_margin=\u00bb|||53px||\u00bb global_colors_info=\u00bb{}\u00bb][\/et_pb_heading][et_pb_text module_class=\u00bbdivicon_img\u00bb _builder_version=\u00bb4.25.1&#8243; _module_preset=\u00bbdefault\u00bb custom_margin=\u00bb|||72px||\u00bb global_colors_info=\u00bb{}\u00bb]<\/p>\n<ul>\n<li><span style=\"font-size: small;\">Acceso a informaci\u00f3n oficial, <span data-scheme-color=\"@000000,1,\" data-usefontface=\"true\" data-contrast=\"none\" class=\"TextRun SCXP225554705 BCX0\" xml:lang=\"ES-MX\" lang=\"ES-MX\"><span class=\"NormalTextRun SCXP225554705 BCX0\">r\u00e1pida y actualizada <\/span><\/span><span data-scheme-color=\"@000000,1,\" data-usefontface=\"true\" data-contrast=\"none\" class=\"TextRun SCXP225554705 BCX0\" xml:lang=\"ES-MX\" lang=\"ES-MX\"><span class=\"NormalTextRun SCXP225554705 BCX0\">desde referentes <\/span><\/span><span data-scheme-color=\"@000000,1,\" data-usefontface=\"true\" data-contrast=\"none\" class=\"TextRun SCXP225554705 BCX0\" xml:lang=\"ES-MX\" lang=\"ES-MX\"><span class=\"NormalTextRun SCXP225554705 BCX0\">nacionales e <\/span><\/span><span data-scheme-color=\"@000000,1,\" data-usefontface=\"true\" data-contrast=\"none\" class=\"TextRun SCXP225554705 BCX0\" xml:lang=\"ES-MX\" lang=\"ES-MX\"><span class=\"NormalTextRun SCXP225554705 BCX0\">internacionales, <\/span><\/span><span data-scheme-color=\"@000000,1,\" data-usefontface=\"true\" data-contrast=\"none\" class=\"TextRun SCXP225554705 BCX0\" xml:lang=\"ES-MX\" lang=\"ES-MX\"><span class=\"NormalTextRun SCXP225554705 BCX0\">p\u00fablico o privado.<\/span><\/span><\/span><\/li>\n<\/ul>\n<p><span style=\"font-size: small;\"><span data-scheme-color=\"@000000,1,\" data-usefontface=\"true\" data-contrast=\"none\" class=\"TextRun SCXP225554705 BCX0\" xml:lang=\"ES-MX\" lang=\"ES-MX\"><span class=\"NormalTextRun SCXP225554705 BCX0\"><\/span><\/span><\/span><\/p>\n<ul>\n<li><span class=\"EOP SCXP225554705 BCX0\" style=\"font-size: small;\">\u200bDesarrollo de la gesti\u00f3n de la inclusi\u00f3n a trav\u00e9s de herramientas y conocimientos clave de las mejores fuentes.<\/span><\/li>\n<\/ul>\n<p><span class=\"EOP SCXP225554705 BCX0\" style=\"font-size: small;\"><\/span><\/p>\n<ul>\n<li><span class=\"EOP SCXP225554705 BCX0\" style=\"font-size: small;\">Net-working con todos los actores del ecosistema de inclusi\u00f3n laboral para estar conectados con las mejores ideas.<\/span><\/li>\n<\/ul>\n<p>[\/et_pb_text][\/et_pb_column][et_pb_column type=\u00bb1_2&#8243; _builder_version=\u00bb4.25.1&#8243; _module_preset=\u00bbdefault\u00bb global_colors_info=\u00bb{}\u00bb][et_pb_image src=\u00bbhttps:\/\/www.reinchile.cl\/wp-content\/uploads\/2024\/06\/WhatsApp-Image-2024-06-07-at-12.20.55-7.jpeg\u00bb title_text=\u00bbsesi\u00f3n 1 red de gestores de inclusi\u00f3n presidenta y autoridades\u00bb _builder_version=\u00bb4.25.1&#8243; _module_preset=\u00bbdefault\u00bb border_radii=\u00bbon|10px|10px|10px|10px\u00bb global_colors_info=\u00bb{}\u00bb][\/et_pb_image][\/et_pb_column][\/et_pb_row][\/et_pb_section][et_pb_section fb_built=\u00bb1&#8243; fullwidth=\u00bbon\u00bb _builder_version=\u00bb4.25.1&#8243; _module_preset=\u00bbdefault\u00bb global_colors_info=\u00bb{}\u00bb][\/et_pb_section]<\/p>\n","protected":false},"excerpt":{"rendered":"<p>Somos una comunidad de equipos y personas que busca conectar a quienes conectan e \u201cincluir a quienes incluyen\u201d, para que siempre est\u00e9s en permanente contacto y recibiendo el apoyo necesario para hacer de tu empresa un lugar seguro cada d\u00eda. Completa el formulario y agenda una reuni\u00f3n con nosotros. Inf\u00f3rmate de nuestras actividades. Conversemos sobre [&hellip;]<\/p>\n","protected":false},"author":1,"featured_media":0,"parent":0,"menu_order":0,"comment_status":"closed","ping_status":"closed","template":"","meta":{"_et_pb_use_builder":"on","_et_pb_old_content":"","_et_gb_content_width":"","footnotes":""},"class_list":["post-242408","page","type-page","status-publish","hentry"],"aioseo_notices":[],"_links":{"self":[{"href":"https:\/\/www.reinchile.cl\/index.php?rest_route=\/wp\/v2\/pages\/242408","targetHints":{"allow":["GET"]}}],"collection":[{"href":"https:\/\/www.reinchile.cl\/index.php?rest_route=\/wp\/v2\/pages"}],"about":[{"href":"https:\/\/www.reinchile.cl\/index.php?rest_route=\/wp\/v2\/types\/page"}],"author":[{"embeddable":true,"href":"https:\/\/www.reinchile.cl\/index.php?rest_route=\/wp\/v2\/users\/1"}],"replies":[{"embeddable":true,"href":"https:\/\/www.reinchile.cl\/index.php?rest_route=%2Fwp%2Fv2%2Fcomments&post=242408"}],"version-history":[{"count":21,"href":"https:\/\/www.reinchile.cl\/index.php?rest_route=\/wp\/v2\/pages\/242408\/revisions"}],"predecessor-version":[{"id":244157,"href":"https:\/\/www.reinchile.cl\/index.php?rest_route=\/wp\/v2\/pages\/242408\/revisions\/244157"}],"wp:attachment":[{"href":"https:\/\/www.reinchile.cl\/index.php?rest_route=%2Fwp%2Fv2%2Fmedia&parent=242408"}],"curies":[{"name":"wp","href":"https:\/\/api.w.org\/{rel}","templated":true}]}}