{"id":242396,"date":"2023-10-06T10:23:28","date_gmt":"2023-10-06T13:23:28","guid":{"rendered":"https:\/\/rein.koalaweb.cl\/?page_id=242396"},"modified":"2024-06-26T09:43:39","modified_gmt":"2024-06-26T13:43:39","slug":"que-hacemos","status":"publish","type":"page","link":"https:\/\/www.reinchile.cl\/?page_id=242396","title":{"rendered":"\u00bfQu\u00e9 Hacemos?"},"content":{"rendered":"<p>[et_pb_section fb_built=\u00bb1&#8243; admin_label=\u00bbSecci\u00f3n\u00bb _builder_version=\u00bb4.25.1&#8243; _module_preset=\u00bbdefault\u00bb background_enable_color=\u00bboff\u00bb use_background_color_gradient=\u00bbon\u00bb background_color_gradient_stops=\u00bb#ffffff 0%|#f9f9f9 100%\u00bb background_enable_image=\u00bboff\u00bb height=\u00bb700px\u00bb border_radii=\u00bboff|20px|20px||\u00bb locked=\u00bboff\u00bb global_colors_info=\u00bb{}\u00bb][et_pb_row column_structure=\u00bb2_5,3_5&#8243; use_custom_gutter=\u00bbon\u00bb admin_label=\u00bbFila\u00bb _builder_version=\u00bb4.25.1&#8243; _module_preset=\u00bbdefault\u00bb custom_margin=\u00bb60px||||false|false\u00bb global_colors_info=\u00bb{}\u00bb][et_pb_column type=\u00bb2_5&#8243; admin_label=\u00bbColumna\u00bb _builder_version=\u00bb4.25.1&#8243; _module_preset=\u00bbdefault\u00bb global_colors_info=\u00bb{}\u00bb][et_pb_text module_class=\u00bbdivicon_img\u00bb _builder_version=\u00bb4.25.1&#8243; _module_preset=\u00bbdefault\u00bb text_line_height=\u00bb1.8em\u00bb header_line_height=\u00bb1.5em\u00bb custom_css_free_form=\u00bb\/*bullet divicon_img *\/||.divicon_img li:before{||content:url(&#8216;https:\/\/www.reinchile.cl\/wp-content\/uploads\/2024\/03\/checked_new.png&#8217;);||position:absolute!important;||left:-20px!important;||}||.divicon_img li{||    list-style:none!important;||||}\u00bb global_colors_info=\u00bb{}\u00bb]<\/p>\n<h1><span style=\"font-family: Poppins; font-weight: normal; font-size: xx-large;\">Qu\u00e9 hacemos<\/span><\/h1>\n<p>&nbsp;<\/p>\n<p><span style=\"font-size: large;\">A trav\u00e9s de nuestras iniciativas y recursos, ayudamos a las empresas a implementar pr\u00e1cticas inclusivas que no solo benefician a sus trabajadores, sino que tambi\u00e9n fortalecen sus comunidades y cultura inclusiva, asegurando un crecimiento responsable de personas con discapacidad en sus filas de trabajo.<\/span><\/p>\n<p>[\/et_pb_text][\/et_pb_column][et_pb_column type=\u00bb3_5&#8243; admin_label=\u00bbColumna\u00bb _builder_version=\u00bb4.25.1&#8243; _module_preset=\u00bbdefault\u00bb global_colors_info=\u00bb{}\u00bb][et_pb_image src=\u00bbhttps:\/\/www.reinchile.cl\/wp-content\/uploads\/2024\/05\/fondoQ-2-e1718296096758.png\u00bb title_text=\u00bbfondoQ\u00bb show_in_lightbox=\u00bbon\u00bb show_bottom_space_tablet=\u00bb\u00bb show_bottom_space_phone=\u00bb\u00bb show_bottom_space_last_edited=\u00bbon|desktop\u00bb align_tablet=\u00bb\u00bb align_phone=\u00bbcenter\u00bb align_last_edited=\u00bbon|phone\u00bb disabled_on=\u00bbon|on|off\u00bb admin_label=\u00bbImagen\u00bb _builder_version=\u00bb4.25.1&#8243; _module_preset=\u00bbdefault\u00bb positioning=\u00bbabsolute\u00bb vertical_offset=\u00bb-2.76vw\u00bb horizontal_offset=\u00bb0.63vw\u00bb position_origin_a_tablet=\u00bb\u00bb position_origin_a_phone=\u00bb\u00bb position_origin_a_last_edited=\u00bbon|desktop\u00bb position_origin_f_tablet=\u00bb\u00bb position_origin_f_phone=\u00bb\u00bb position_origin_f_last_edited=\u00bbon|desktop\u00bb position_origin_r_tablet=\u00bb\u00bb position_origin_r_phone=\u00bb\u00bb position_origin_r_last_edited=\u00bbon|desktop\u00bb width_tablet=\u00bb73%\u00bb width_phone=\u00bb75%\u00bb width_last_edited=\u00bbon|desktop\u00bb max_width_tablet=\u00bb\u00bb max_width_phone=\u00bb75%\u00bb max_width_last_edited=\u00bbon|desktop\u00bb custom_margin_tablet=\u00bb\u00bb custom_margin_phone=\u00bb||30px||false|false\u00bb custom_margin_last_edited=\u00bbon|phone\u00bb custom_padding=\u00bb|0px||||\u00bb positioning_tablet=\u00bbnone\u00bb positioning_phone=\u00bbnone\u00bb positioning_last_edited=\u00bbon|desktop\u00bb border_radii=\u00bboff|45px|||\u00bb box_shadow_style=\u00bbpreset1&#8243; global_colors_info=\u00bb{}\u00bb transform_styles__hover_enabled=\u00bbon|hover\u00bb transform_scale__hover_enabled=\u00bbon|hover\u00bb transform_translate__hover_enabled=\u00bbon|desktop\u00bb transform_rotate__hover_enabled=\u00bbon|desktop\u00bb transform_skew__hover_enabled=\u00bbon|desktop\u00bb transform_origin__hover_enabled=\u00bbon|desktop\u00bb positioning__hover_enabled=\u00bbon|desktop\u00bb position_origin_a__hover_enabled=\u00bbon|desktop\u00bb position_origin_f__hover_enabled=\u00bbon|hover\u00bb position_origin_r__hover_enabled=\u00bbon|hover\u00bb z_index__hover_enabled=\u00bbon|hover\u00bb z_index__hover=\u00bb0&#8243; filter_saturate__hover_enabled=\u00bbon|desktop\u00bb filter_saturate__hover=\u00bb100%\u00bb positioning__hover=\u00bbabsolute\u00bb width__hover_enabled=\u00bbon|desktop\u00bb][\/et_pb_image][et_pb_image src=\u00bbhttps:\/\/www.reinchile.cl\/wp-content\/uploads\/2024\/06\/Carrusel-Sitio-Web-4.png\u00bb title_text=\u00bbCarrusel Sitio Web (4)\u00bb show_in_lightbox=\u00bbon\u00bb show_bottom_space_tablet=\u00bb\u00bb show_bottom_space_phone=\u00bb\u00bb show_bottom_space_last_edited=\u00bbon|desktop\u00bb align_tablet=\u00bb\u00bb align_phone=\u00bbcenter\u00bb align_last_edited=\u00bbon|phone\u00bb _builder_version=\u00bb4.25.1&#8243; _module_preset=\u00bbdefault\u00bb positioning=\u00bbabsolute\u00bb vertical_offset=\u00bb-3.29vw\u00bb horizontal_offset=\u00bb1.71vw\u00bb position_origin_a_tablet=\u00bb\u00bb position_origin_a_phone=\u00bb\u00bb position_origin_a_last_edited=\u00bbon|desktop\u00bb position_origin_f_tablet=\u00bb\u00bb position_origin_f_phone=\u00bb\u00bb position_origin_f_last_edited=\u00bbon|desktop\u00bb position_origin_r_tablet=\u00bb\u00bb position_origin_r_phone=\u00bb\u00bb position_origin_r_last_edited=\u00bbon|desktop\u00bb width=\u00bb120%\u00bb width_tablet=\u00bb73%\u00bb width_phone=\u00bb75%\u00bb width_last_edited=\u00bbon|desktop\u00bb max_width_tablet=\u00bb\u00bb max_width_phone=\u00bb75%\u00bb max_width_last_edited=\u00bbon|desktop\u00bb custom_margin_tablet=\u00bb\u00bb custom_margin_phone=\u00bb||30px||false|false\u00bb custom_margin_last_edited=\u00bbon|phone\u00bb positioning_tablet=\u00bbnone\u00bb positioning_phone=\u00bbnone\u00bb positioning_last_edited=\u00bbon|desktop\u00bb border_radii=\u00bbon|10px|10px|10px|10px\u00bb global_colors_info=\u00bb{}\u00bb transform_styles__hover_enabled=\u00bbon|hover\u00bb transform_scale__hover_enabled=\u00bbon|hover\u00bb transform_translate__hover_enabled=\u00bbon|desktop\u00bb transform_rotate__hover_enabled=\u00bbon|desktop\u00bb transform_skew__hover_enabled=\u00bbon|desktop\u00bb transform_origin__hover_enabled=\u00bbon|desktop\u00bb transform_scale__hover=\u00bb115%|115%\u00bb positioning__hover_enabled=\u00bbon|desktop\u00bb position_origin_a__hover_enabled=\u00bbon|hover\u00bb position_origin_f__hover_enabled=\u00bbon|hover\u00bb position_origin_r__hover_enabled=\u00bbon|hover\u00bb z_index__hover_enabled=\u00bbon|hover\u00bb z_index__hover=\u00bb\u00bb filter_saturate__hover_enabled=\u00bbon|desktop\u00bb filter_saturate__hover=\u00bb100%\u00bb positioning__hover=\u00bbabsolute\u00bb][\/et_pb_image][et_pb_image src=\u00bbhttps:\/\/www.reinchile.cl\/wp-content\/uploads\/2024\/05\/fondoQ-2-e1718296096758.png\u00bb title_text=\u00bbfondoQ\u00bb show_in_lightbox=\u00bbon\u00bb show_bottom_space_tablet=\u00bb\u00bb show_bottom_space_phone=\u00bb\u00bb show_bottom_space_last_edited=\u00bbon|desktop\u00bb align_tablet=\u00bb\u00bb align_phone=\u00bbcenter\u00bb align_last_edited=\u00bbon|phone\u00bb disabled_on=\u00bbon|on|off\u00bb _builder_version=\u00bb4.25.1&#8243; _module_preset=\u00bbdefault\u00bb positioning=\u00bbabsolute\u00bb vertical_offset=\u00bb7.67vw\u00bb horizontal_offset=\u00bb8.01vw\u00bb z_index=\u00bb-1&#8243; position_origin_a_tablet=\u00bb\u00bb position_origin_a_phone=\u00bb\u00bb position_origin_a_last_edited=\u00bbon|desktop\u00bb position_origin_f_tablet=\u00bb\u00bb position_origin_f_phone=\u00bb\u00bb position_origin_f_last_edited=\u00bbon|desktop\u00bb position_origin_r_tablet=\u00bb\u00bb position_origin_r_phone=\u00bb\u00bb position_origin_r_last_edited=\u00bbon|desktop\u00bb width=\u00bb106%\u00bb width_tablet=\u00bb73%\u00bb width_phone=\u00bb75%\u00bb width_last_edited=\u00bbon|desktop\u00bb max_width_tablet=\u00bb\u00bb max_width_phone=\u00bb75%\u00bb max_width_last_edited=\u00bbon|desktop\u00bb custom_margin_tablet=\u00bb\u00bb custom_margin_phone=\u00bb||30px||false|false\u00bb custom_margin_last_edited=\u00bbon|phone\u00bb positioning_tablet=\u00bbnone\u00bb positioning_phone=\u00bbnone\u00bb positioning_last_edited=\u00bbon|desktop\u00bb border_radii=\u00bboff|||45px|\u00bb box_shadow_style=\u00bbpreset2&#8243; global_colors_info=\u00bb{}\u00bb transform_styles__hover_enabled=\u00bbon|hover\u00bb transform_scale__hover_enabled=\u00bbon|hover\u00bb transform_translate__hover_enabled=\u00bbon|desktop\u00bb transform_rotate__hover_enabled=\u00bbon|desktop\u00bb transform_skew__hover_enabled=\u00bbon|desktop\u00bb transform_origin__hover_enabled=\u00bbon|desktop\u00bb positioning__hover_enabled=\u00bbon|desktop\u00bb position_origin_a__hover_enabled=\u00bbon|hover\u00bb position_origin_f__hover_enabled=\u00bbon|hover\u00bb position_origin_r__hover_enabled=\u00bbon|hover\u00bb z_index__hover_enabled=\u00bbon|desktop\u00bb z_index__hover=\u00bb\u00bb filter_saturate__hover_enabled=\u00bbon|desktop\u00bb filter_saturate__hover=\u00bb100%\u00bb positioning__hover=\u00bbabsolute\u00bb][\/et_pb_image][\/et_pb_column][\/et_pb_row][\/et_pb_section][et_pb_section fb_built=\u00bb1&#8243; admin_label=\u00bbServices\u00bb _builder_version=\u00bb4.25.1&#8243; _module_preset=\u00bbdefault\u00bb background_color=\u00bb#efefef\u00bb custom_margin=\u00bb-4px|||||\u00bb custom_padding=\u00bb58px||26px|||\u00bb collapsed=\u00bbon\u00bb global_colors_info=\u00bb{}\u00bb][et_pb_row column_structure=\u00bb1_2,1_2&#8243; _builder_version=\u00bb4.19.2&#8243; _module_preset=\u00bbdefault\u00bb global_colors_info=\u00bb{}\u00bb][et_pb_column type=\u00bb1_2&#8243; _builder_version=\u00bb4.19.2&#8243; _module_preset=\u00bbdefault\u00bb global_colors_info=\u00bb{}\u00bb][et_pb_image src=\u00bbhttps:\/\/www.reinchile.cl\/wp-content\/uploads\/2024\/06\/Texto-del-parrafo-25.png\u00bb title_text=\u00bbTexto del p\u00e1rrafo (23)\u00bb _builder_version=\u00bb4.25.1&#8243; _module_preset=\u00bbdefault\u00bb global_colors_info=\u00bb{}\u00bb][\/et_pb_image][\/et_pb_column][et_pb_column type=\u00bb1_2&#8243; _builder_version=\u00bb4.19.2&#8243; _module_preset=\u00bbdefault\u00bb global_colors_info=\u00bb{}\u00bb][et_pb_heading title=\u00bbLes otorgamos a las empresas acceso a informaci\u00f3n r\u00e1pida y actualizada\u00bb _builder_version=\u00bb4.25.1&#8243; _module_preset=\u00bbdefault\u00bb global_colors_info=\u00bb{}\u00bb title_line_height=\u00bb1.4em\u00bb][\/et_pb_heading][et_pb_text _builder_version=\u00bb4.25.1&#8243; _module_preset=\u00bbdefault\u00bb global_colors_info=\u00bb{}\u00bb]<\/p>\n<p>Informaci\u00f3n que va desde referentes nacionales, internacionales, p\u00fablicos y privados.<\/p>\n<p>ReIN es un espacio en el que puedes informarte para conocer m\u00e1s sobre los procesos de inclusi\u00f3n laboral y cultura empresarial.<\/p>\n<p>[\/et_pb_text][\/et_pb_column][\/et_pb_row][\/et_pb_section][et_pb_section fb_built=\u00bb1&#8243; admin_label=\u00bbServices\u00bb _builder_version=\u00bb4.25.1&#8243; _module_preset=\u00bbdefault\u00bb background_color=\u00bb#FFFFFF\u00bb min_height=\u00bb418.6px\u00bb custom_margin=\u00bb24px|||||\u00bb custom_padding=\u00bb1px||11px|||\u00bb collapsed=\u00bbon\u00bb global_colors_info=\u00bb{}\u00bb][et_pb_row column_structure=\u00bb1_2,1_2&#8243; _builder_version=\u00bb4.19.2&#8243; _module_preset=\u00bbdefault\u00bb min_height=\u00bb367.8px\u00bb custom_margin=\u00bb|auto|-70px|auto||\u00bb global_colors_info=\u00bb{}\u00bb][et_pb_column type=\u00bb1_2&#8243; _builder_version=\u00bb4.19.2&#8243; _module_preset=\u00bbdefault\u00bb global_colors_info=\u00bb{}\u00bb][et_pb_text _builder_version=\u00bb4.19.2&#8243; _module_preset=\u00bb256c56bb-bccb-4407-b9b6-62446cdcbef8&#8243; global_colors_info=\u00bb{}\u00bb][\/et_pb_text][et_pb_heading title=\u00bbPermitimos el desarrollo de la gesti\u00f3n de la inclusi\u00f3n\u00bb _builder_version=\u00bb4.25.1&#8243; _module_preset=\u00bbdefault\u00bb hover_enabled=\u00bb0&#8243; global_colors_info=\u00bb{}\u00bb sticky_enabled=\u00bb0&#8243; title_line_height=\u00bb1.4em\u00bb][\/et_pb_heading][et_pb_text _builder_version=\u00bb4.25.1&#8243; _module_preset=\u00bbdefault\u00bb hover_enabled=\u00bb0&#8243; global_colors_info=\u00bb{}\u00bb sticky_enabled=\u00bb0&#8243;]<\/p>\n<p>Mejora el nivel de inclusi\u00f3n laboral de tu empresa a trav\u00e9s de las herramientas que la ReIN ofrece a trav\u00e9s de sus talleres y capacitaciones.<\/p>\n<p>[\/et_pb_text][\/et_pb_column][et_pb_column type=\u00bb1_2&#8243; _builder_version=\u00bb4.19.2&#8243; _module_preset=\u00bbdefault\u00bb global_colors_info=\u00bb{}\u00bb][et_pb_text _builder_version=\u00bb4.19.2&#8243; _module_preset=\u00bb71bf6880-d1dd-4c91-bdb5-e2bc770bf0a0&#8243; global_colors_info=\u00bb{}\u00bb][\/et_pb_text][et_pb_image src=\u00bbhttps:\/\/www.reinchile.cl\/wp-content\/uploads\/2024\/06\/Texto-del-parrafo-24.png\u00bb title_text=\u00bbTexto del p\u00e1rrafo (24)\u00bb _builder_version=\u00bb4.25.1&#8243; _module_preset=\u00bbdefault\u00bb global_colors_info=\u00bb{}\u00bb][\/et_pb_image][\/et_pb_column][\/et_pb_row][\/et_pb_section][et_pb_section fb_built=\u00bb1&#8243; admin_label=\u00bbServices\u00bb _builder_version=\u00bb4.25.1&#8243; _module_preset=\u00bbdefault\u00bb background_color=\u00bb#efefef\u00bb custom_margin=\u00bb-4px|||||\u00bb custom_padding=\u00bb58px||26px|||\u00bb collapsed=\u00bbon\u00bb global_colors_info=\u00bb{}\u00bb][et_pb_row column_structure=\u00bb1_2,1_2&#8243; _builder_version=\u00bb4.19.2&#8243; _module_preset=\u00bbdefault\u00bb global_colors_info=\u00bb{}\u00bb][et_pb_column type=\u00bb1_2&#8243; _builder_version=\u00bb4.19.2&#8243; _module_preset=\u00bbdefault\u00bb global_colors_info=\u00bb{}\u00bb][et_pb_image src=\u00bbhttp:\/\/www.reinchile.cl\/wp-content\/uploads\/2024\/06\/Texto-del-parrafo-28.png\u00bb title_text=\u00bbTexto del p\u00e1rrafo (23)\u00bb _builder_version=\u00bb4.25.1&#8243; _module_preset=\u00bbdefault\u00bb hover_enabled=\u00bb0&#8243; global_colors_info=\u00bb{}\u00bb sticky_enabled=\u00bb0&#8243;][\/et_pb_image][\/et_pb_column][et_pb_column type=\u00bb1_2&#8243; _builder_version=\u00bb4.19.2&#8243; _module_preset=\u00bbdefault\u00bb global_colors_info=\u00bb{}\u00bb][et_pb_heading title=\u00bbPotenciamos el Net-Working con el ecosistema de inclusi\u00f3n laboral\u00bb _builder_version=\u00bb4.25.1&#8243; _module_preset=\u00bbdefault\u00bb hover_enabled=\u00bb0&#8243; global_colors_info=\u00bb{}\u00bb title_line_height=\u00bb1.4em\u00bb sticky_enabled=\u00bb0&#8243;][\/et_pb_heading][et_pb_text _builder_version=\u00bb4.25.1&#8243; _module_preset=\u00bbdefault\u00bb hover_enabled=\u00bb0&#8243; global_colors_info=\u00bb{}\u00bb sticky_enabled=\u00bb0&#8243;]<\/p>\n<p>Las empresas se encuentran en constante comunicaci\u00f3n junto a otros actores como fundaciones, organizaciones y otras empresas para mejorar su cultura inclusiva.<\/p>\n<p>[\/et_pb_text][\/et_pb_column][\/et_pb_row][\/et_pb_section][et_pb_section fb_built=\u00bb1&#8243; admin_label=\u00bbServices\u00bb _builder_version=\u00bb4.25.1&#8243; _module_preset=\u00bbdefault\u00bb custom_margin=\u00bb47px|||||\u00bb custom_padding=\u00bb13px|||||\u00bb collapsed=\u00bbon\u00bb global_colors_info=\u00bb{}\u00bb][et_pb_row _builder_version=\u00bb4.19.2&#8243; _module_preset=\u00bbdefault\u00bb global_colors_info=\u00bb{}\u00bb][et_pb_column type=\u00bb4_4&#8243; _builder_version=\u00bb4.19.2&#8243; _module_preset=\u00bbdefault\u00bb global_colors_info=\u00bb{}\u00bb][et_pb_text _builder_version=\u00bb4.25.1&#8243; _module_preset=\u00bb256c56bb-bccb-4407-b9b6-62446cdcbef8&#8243; text_font=\u00bb&#8211;et_global_heading_font||||||||\u00bb inline_fonts=\u00bbPoppins\u00bb global_colors_info=\u00bb{}\u00bb]<\/p>\n<h3 style=\"text-align: center;\"><span style=\"font-family: Poppins;\">En resumen, en nuestro a\u00f1o 2023 tuvimos&#8230;<\/span><\/h3>\n<p>[\/et_pb_text][\/et_pb_column][\/et_pb_row][et_pb_row _builder_version=\u00bb4.25.1&#8243; _module_preset=\u00bbdefault\u00bb background_color=\u00bb#913570&#8243; min_height=\u00bb293px\u00bb border_radii=\u00bbon|15px|15px|15px|15px\u00bb global_colors_info=\u00bb{}\u00bb][et_pb_column type=\u00bb4_4&#8243; _builder_version=\u00bb4.19.2&#8243; _module_preset=\u00bbdefault\u00bb global_colors_info=\u00bb{}\u00bb][et_pb_nextend_smart_slider_3 slider=\u00bb12&#8243; _builder_version=\u00bb4.25.1&#8243; _module_preset=\u00bbdefault\u00bb global_colors_info=\u00bb{}\u00bb][\/et_pb_nextend_smart_slider_3][\/et_pb_column][\/et_pb_row][\/et_pb_section][et_pb_section fb_built=\u00bb1&#8243; admin_label=\u00bbServices\u00bb _builder_version=\u00bb4.25.1&#8243; _module_preset=\u00bbdefault\u00bb custom_margin=\u00bb29px|||||\u00bb custom_padding=\u00bb69px|||||\u00bb collapsed=\u00bbon\u00bb global_colors_info=\u00bb{}\u00bb][et_pb_row _builder_version=\u00bb4.19.2&#8243; _module_preset=\u00bbdefault\u00bb custom_margin=\u00bb-63px|auto||auto||\u00bb global_colors_info=\u00bb{}\u00bb][et_pb_column type=\u00bb4_4&#8243; _builder_version=\u00bb4.19.2&#8243; _module_preset=\u00bbdefault\u00bb global_colors_info=\u00bb{}\u00bb][et_pb_text _builder_version=\u00bb4.25.1&#8243; _module_preset=\u00bb256c56bb-bccb-4407-b9b6-62446cdcbef8&#8243; text_font=\u00bb&#8211;et_global_heading_font||||||||\u00bb inline_fonts=\u00bbPoppins\u00bb global_colors_info=\u00bb{}\u00bb]<\/p>\n<h3 style=\"text-align: center;\"><strong><span style=\"font-family: Poppins;\">Conoce los casos de \u00e9xito de nuestras empresas socias<\/span><\/strong><\/h3>\n<p>[\/et_pb_text][\/et_pb_column][\/et_pb_row][et_pb_row _builder_version=\u00bb4.25.1&#8243; _module_preset=\u00bbdefault\u00bb global_colors_info=\u00bb{}\u00bb][et_pb_column type=\u00bb4_4&#8243; _builder_version=\u00bb4.19.2&#8243; _module_preset=\u00bbdefault\u00bb global_colors_info=\u00bb{}\u00bb][et_pb_blog_extras posts_number=\u00bb3&#8243; include_categories=\u00bb14&#8243; blog_layout=\u00bbblock_extended\u00bb read_more_text=\u00bbLeer m\u00e1s\u00bb show_author=\u00bboff\u00bb show_date=\u00bboff\u00bb show_categories=\u00bboff\u00bb show_comments=\u00bboff\u00bb _builder_version=\u00bb4.25.1&#8243; _module_preset=\u00bbdefault\u00bb global_colors_info=\u00bb{}\u00bb][\/et_pb_blog_extras][\/et_pb_column][\/et_pb_row][\/et_pb_section][et_pb_section fb_built=\u00bb1&#8243; fullwidth=\u00bbon\u00bb _builder_version=\u00bb4.25.1&#8243; _module_preset=\u00bbdefault\u00bb global_colors_info=\u00bb{}\u00bb][\/et_pb_section]<\/p>\n","protected":false},"excerpt":{"rendered":"<p>Qu\u00e9 hacemos &nbsp; A trav\u00e9s de nuestras iniciativas y recursos, ayudamos a las empresas a implementar pr\u00e1cticas inclusivas que no solo benefician a sus trabajadores, sino que tambi\u00e9n fortalecen sus comunidades y cultura inclusiva, asegurando un crecimiento responsable de personas con discapacidad en sus filas de trabajo.Informaci\u00f3n que va desde referentes nacionales, internacionales, p\u00fablicos y [&hellip;]<\/p>\n","protected":false},"author":1,"featured_media":0,"parent":0,"menu_order":0,"comment_status":"closed","ping_status":"closed","template":"","meta":{"_et_pb_use_builder":"on","_et_pb_old_content":"","_et_gb_content_width":"","footnotes":""},"class_list":["post-242396","page","type-page","status-publish","hentry"],"aioseo_notices":[],"_links":{"self":[{"href":"https:\/\/www.reinchile.cl\/index.php?rest_route=\/wp\/v2\/pages\/242396","targetHints":{"allow":["GET"]}}],"collection":[{"href":"https:\/\/www.reinchile.cl\/index.php?rest_route=\/wp\/v2\/pages"}],"about":[{"href":"https:\/\/www.reinchile.cl\/index.php?rest_route=\/wp\/v2\/types\/page"}],"author":[{"embeddable":true,"href":"https:\/\/www.reinchile.cl\/index.php?rest_route=\/wp\/v2\/users\/1"}],"replies":[{"embeddable":true,"href":"https:\/\/www.reinchile.cl\/index.php?rest_route=%2Fwp%2Fv2%2Fcomments&post=242396"}],"version-history":[{"count":42,"href":"https:\/\/www.reinchile.cl\/index.php?rest_route=\/wp\/v2\/pages\/242396\/revisions"}],"predecessor-version":[{"id":243970,"href":"https:\/\/www.reinchile.cl\/index.php?rest_route=\/wp\/v2\/pages\/242396\/revisions\/243970"}],"wp:attachment":[{"href":"https:\/\/www.reinchile.cl\/index.php?rest_route=%2Fwp%2Fv2%2Fmedia&parent=242396"}],"curies":[{"name":"wp","href":"https:\/\/api.w.org\/{rel}","templated":true}]}}